{"id":62,"date":"2020-09-08T11:59:07","date_gmt":"2020-09-08T11:59:07","guid":{"rendered":"http:\/\/sarah-askling.dk\/index.php\/colibri-wp\/"},"modified":"2022-01-10T13:38:34","modified_gmt":"2022-01-10T12:38:34","slug":"colibri-wp","status":"publish","type":"page","link":"https:\/\/sarah-askling.dk\/","title":{"rendered":"Front Page"},"content":{"rendered":"<div data-colibri-id=\"62-c1\" class=\"style-193 style-local-62-c1 position-relative\">\n  <!---->\n  <div data-colibri-component=\"section\" data-colibri-id=\"62-c2\" id=\"overlappable-3\" class=\"h-section h-section-global-spacing d-flex align-items-lg-center align-items-md-center align-items-center style-213 style-local-62-c2 position-relative\">\n    <!---->\n    <!---->\n    <div class=\"h-section-grid-container h-section-boxed-container\">\n      <!---->\n      <div data-colibri-id=\"62-c3\" class=\"h-row-container gutters-row-lg-0 gutters-row-md-0 gutters-row-2 gutters-row-v-lg-0 gutters-row-v-md-0 gutters-row-v-2 style-214 style-local-62-c3 position-relative\">\n        <!---->\n        <div class=\"h-row justify-content-lg-center justify-content-md-center justify-content-center align-items-lg-stretch align-items-md-stretch align-items-stretch gutters-col-lg-0 gutters-col-md-0 gutters-col-2 gutters-col-v-lg-0 gutters-col-v-md-0 gutters-col-v-2\">\n          <!---->\n          <div class=\"h-column h-column-container d-flex h-col-lg-4 h-col-md-4 h-col-12 style-215-outer style-local-62-c4-outer\">\n            <div data-colibri-id=\"62-c4\" class=\"d-flex h-flex-basis h-column__inner h-px-lg-3 h-px-md-3 h-px-2 v-inner-lg-3 v-inner-md-3 v-inner-2 style-215 style-local-62-c4 position-relative\">\n              <!---->\n              <!---->\n              <div class=\"w-100 h-y-container h-column__content h-column__v-align flex-basis-100 align-self-lg-start align-self-md-start align-self-start\">\n                <!---->\n                <div data-colibri-id=\"62-c5\" class=\"h-icon style-216 style-local-62-c5 position-relative h-element\">\n                  <!----><span class=\"h-svg-icon h-icon__icon style-216-icon style-local-62-c5-icon\"><!--Icon by Font Awesome (https:\/\/fontawesome.com)--><svg version=\"1.1\" xmlns=\"http:\/\/www.w3.org\/2000\/svg\" xmlns:xlink=\"http:\/\/www.w3.org\/1999\/xlink\" id=\"check\" viewBox=\"0 0 1792 1896.0833\"><path d=\"M1671 566q0 40-28 68l-724 724-136 136q-28 28-68 28t-68-28l-136-136-362-362q-28-28-28-68t28-68l136-136q28-28 68-28t68 28l294 295 656-657q28-28 68-28t68 28l136 136q28 28 28 68z\"><\/path><\/svg><\/span><\/div>\n                <div\n                  data-colibri-id=\"62-c6\" class=\"h-global-transition-all h-heading style-217 style-local-62-c6 position-relative h-element\">\n                  <!---->\n                  <div class=\"h-heading__outer style-217 style-local-62-c6\">\n                    <!---->\n                    <!---->\n                    <h5 class=\"\">ydelser<\/h5>\n                  <\/div>\n              <\/div>\n              <div data-colibri-id=\"62-c7\" class=\"h-x-container style-219 style-local-62-c7 position-relative h-element\">\n                <!---->\n                <div class=\"h-x-container-inner style-dynamic-62-c7-group style-219-spacing style-local-62-c7-spacing\"><span class=\"h-link__outer style-220-outer style-local-62-c8-outer d-inline-flex h-element\"><a h-use-smooth-scroll=\"true\" href=\"https:\/\/sarah-askling.dk\/index.php\/ydelser\/\"  data-colibri-id=\"62-c8\" class=\"d-flex w-100 align-items-center h-link style-220 style-local-62-c8 position-relative\"><!----><!----> <span>L\u00e6s mere<\/span>                  <span class=\"h-svg-icon h-link__icon style-220-icon style-local-62-c8-icon\"><!--Icon by Font Awesome (https:\/\/fontawesome.com)--><svg version=\"1.1\" xmlns=\"http:\/\/www.w3.org\/2000\/svg\" xmlns:xlink=\"http:\/\/www.w3.org\/1999\/xlink\" id=\"chevron-right\" viewBox=\"0 0 1280 1896.0833\"><path d=\"M1107 877l-742 742q-19 19-45 19t-45-19l-166-166q-19-19-19-45t19-45l531-531-531-531q-19-19-19-45t19-45L275 45q19-19 45-19t45 19l742 742q19 19 19 45t-19 45z\"><\/path><\/svg><\/span><\/a>\n                  <\/span>\n                <\/div>\n              <\/div>\n            <\/div>\n          <\/div>\n        <\/div>\n        <div class=\"h-column h-column-container d-flex h-col-lg-4 h-col-md-4 h-col-12 style-215-outer style-local-62-c9-outer\">\n          <div data-colibri-id=\"62-c9\" class=\"d-flex h-flex-basis h-column__inner h-px-lg-3 h-px-md-3 h-px-2 v-inner-lg-3 v-inner-md-3 v-inner-2 style-215 style-local-62-c9 position-relative\">\n            <!---->\n            <!---->\n            <div class=\"w-100 h-y-container h-column__content h-column__v-align flex-basis-100 align-self-lg-start align-self-md-start align-self-start\">\n              <!---->\n              <div data-colibri-id=\"62-c10\" class=\"h-icon style-216 style-local-62-c10 position-relative h-element\">\n                <!----><span class=\"h-svg-icon h-icon__icon style-216-icon style-local-62-c10-icon\"><!--Icon by Font Awesome (https:\/\/fontawesome.com)--><svg version=\"1.1\" xmlns=\"http:\/\/www.w3.org\/2000\/svg\" xmlns:xlink=\"http:\/\/www.w3.org\/1999\/xlink\" id=\"heart\" viewBox=\"0 0 1792 1896.0833\"><path d=\"M896 1664q-26 0-44-18l-624-602q-10-8-27.5-26T145 952.5 77 855 23.5 734 0 596q0-220 127-344t351-124q62 0 126.5 21.5t120 58T820 276t76 68q36-36 76-68t95.5-68.5 120-58T1314 128q224 0 351 124t127 344q0 221-229 450l-623 600q-18 18-44 18z\"><\/path><\/svg><\/span><\/div>\n              <div\n                data-colibri-id=\"62-c11\" class=\"h-global-transition-all h-heading style-217 style-local-62-c11 position-relative h-element\">\n                <!---->\n                <div class=\"h-heading__outer style-217 style-local-62-c11\">\n                  <!---->\n                  <!---->\n                  <h5 class=\"\">om mig<\/h5>\n                <\/div>\n            <\/div>\n            <div data-colibri-id=\"62-c12\" class=\"h-x-container style-219 style-local-62-c12 position-relative h-element\">\n              <!---->\n              <div class=\"h-x-container-inner style-dynamic-62-c12-group style-219-spacing style-local-62-c12-spacing\"><span class=\"h-link__outer style-220-outer style-local-62-c13-outer d-inline-flex h-element\"><a h-use-smooth-scroll=\"true\" href=\"https:\/\/sarah-askling.dk\/index.php\/om-mig\/\"  data-colibri-id=\"62-c13\" class=\"d-flex w-100 align-items-center h-link style-220 style-local-62-c13 position-relative\"><!----><!----> <span>L\u00e6s mere<\/span>                <span class=\"h-svg-icon h-link__icon style-220-icon style-local-62-c13-icon\"><!--Icon by Font Awesome (https:\/\/fontawesome.com)--><svg version=\"1.1\" xmlns=\"http:\/\/www.w3.org\/2000\/svg\" xmlns:xlink=\"http:\/\/www.w3.org\/1999\/xlink\" id=\"chevron-right\" viewBox=\"0 0 1280 1896.0833\"><path d=\"M1107 877l-742 742q-19 19-45 19t-45-19l-166-166q-19-19-19-45t19-45l531-531-531-531q-19-19-19-45t19-45L275 45q19-19 45-19t45 19l742 742q19 19 19 45t-19 45z\"><\/path><\/svg><\/span><\/a>\n                <\/span>\n              <\/div>\n            <\/div>\n          <\/div>\n        <\/div>\n      <\/div>\n      <div class=\"h-column h-column-container d-flex h-col-lg-4 h-col-md-4 h-col-12 style-215-outer style-local-62-c14-outer\">\n        <div data-colibri-id=\"62-c14\" class=\"d-flex h-flex-basis h-column__inner h-px-lg-3 h-px-md-3 h-px-2 v-inner-lg-3 v-inner-md-3 v-inner-2 style-215 style-local-62-c14 position-relative\">\n          <!---->\n          <!---->\n          <div class=\"w-100 h-y-container h-column__content h-column__v-align flex-basis-100 align-self-lg-start align-self-md-start align-self-start\">\n            <!---->\n            <div data-colibri-id=\"62-c15\" class=\"h-icon style-216 style-local-62-c15 position-relative h-element\">\n              <!----><span class=\"h-svg-icon h-icon__icon style-216-icon style-local-62-c15-icon\"><!--Icon by Font Awesome (https:\/\/fontawesome.com)--><svg version=\"1.1\" xmlns=\"http:\/\/www.w3.org\/2000\/svg\" xmlns:xlink=\"http:\/\/www.w3.org\/1999\/xlink\" id=\"phone\" viewBox=\"0 0 1408 1896.0833\"><path d=\"M1408 1240q0 27-10 70.5t-21 68.5q-21 50-122 106-94 51-186 51-27 0-53-3.5t-57.5-12.5-47-14.5T856 1485t-49-18q-98-35-175-83-127-79-264-216T152 904q-48-77-83-175-3-9-18-49t-20.5-55.5-14.5-47T3.5 520 0 467q0-92 51-186 56-101 106-122 25-11 68.5-21t70.5-10q14 0 21 3 18 6 53 76 11 19 30 54t35 63.5 31 53.5q3 4 17.5 25t21.5 35.5 7 28.5q0 20-28.5 50t-62 55-62 53-28.5 46q0 9 5 22.5t8.5 20.5 14 24 11.5 19q76 137 174 235t235 174q2 1 19 11.5t24 14 20.5 8.5 22.5 5q18 0 46-28.5t53-62 55-62 50-28.5q14 0 28.5 7t35.5 21.5 25 17.5q25 15 53.5 31t63.5 35 54 30q70 35 76 53 3 7 3 21z\"><\/path><\/svg><\/span><\/div>\n            <div\n              data-colibri-id=\"62-c16\" class=\"h-global-transition-all h-heading style-217 style-local-62-c16 position-relative h-element\">\n              <!---->\n              <div class=\"h-heading__outer style-217 style-local-62-c16\">\n                <!---->\n                <!---->\n                <h5 class=\"\">kontakt<\/h5>\n              <\/div>\n          <\/div>\n          <div data-colibri-id=\"62-c17\" class=\"h-x-container style-219 style-local-62-c17 position-relative h-element\">\n            <!---->\n            <div class=\"h-x-container-inner style-dynamic-62-c17-group style-219-spacing style-local-62-c17-spacing\"><span class=\"h-link__outer style-220-outer style-local-62-c18-outer d-inline-flex h-element\"><a h-use-smooth-scroll=\"true\" href=\"https:\/\/sarah-askling.dk\/index.php\/kontakt\/\"  data-colibri-id=\"62-c18\" class=\"d-flex w-100 align-items-center h-link style-220 style-local-62-c18 position-relative\"><!----><!----> <span>L\u00e6s mere<\/span>              <span class=\"h-svg-icon h-link__icon style-220-icon style-local-62-c18-icon\"><!--Icon by Font Awesome (https:\/\/fontawesome.com)--><svg version=\"1.1\" xmlns=\"http:\/\/www.w3.org\/2000\/svg\" xmlns:xlink=\"http:\/\/www.w3.org\/1999\/xlink\" id=\"chevron-right\" viewBox=\"0 0 1280 1896.0833\"><path d=\"M1107 877l-742 742q-19 19-45 19t-45-19l-166-166q-19-19-19-45t19-45l531-531-531-531q-19-19-19-45t19-45L275 45q19-19 45-19t45 19l742 742q19 19 19 45t-19 45z\"><\/path><\/svg><\/span><\/a>\n              <\/span>\n            <\/div>\n          <\/div>\n        <\/div>\n      <\/div>\n    <\/div>\n  <\/div>\n<\/div>\n<\/div>\n<\/div>\n<div data-colibri-component=\"section\" data-colibri-id=\"62-c19\" id=\"about\" class=\"h-section h-section-global-spacing d-flex align-items-lg-center align-items-md-center align-items-center style-327 style-local-62-c19 position-relative\">\n  <!---->\n  <!---->\n  <div class=\"h-section-grid-container h-section-boxed-container\">\n    <!---->\n    <div data-colibri-id=\"62-c20\" class=\"h-row-container gutters-row-lg-0 gutters-row-md-0 gutters-row-0 gutters-row-v-lg-0 gutters-row-v-md-0 gutters-row-v-0 style-328 style-local-62-c20 position-relative\">\n      <!---->\n      <div class=\"h-row justify-content-lg-center justify-content-md-center justify-content-center align-items-lg-stretch align-items-md-stretch align-items-stretch gutters-col-lg-0 gutters-col-md-0 gutters-col-0 gutters-col-v-lg-0 gutters-col-v-md-0 gutters-col-v-0\">\n        <!---->\n        <div class=\"h-column h-column-container d-flex h-col-lg-auto h-col-md-auto h-col-auto style-329-outer style-local-62-c21-outer\">\n          <div data-colibri-id=\"62-c21\" class=\"d-flex h-flex-basis h-column__inner h-ui-empty-state-container h-px-lg-0 h-px-md-0 h-px-0 v-inner-lg-0 v-inner-md-0 v-inner-0 style-329 style-local-62-c21 position-relative\">\n            <!---->\n            <!---->\n            <div class=\"w-100 h-y-container h-column__content h-column__v-align flex-basis-100\">\n              <!---->\n            <\/div>\n          <\/div>\n        <\/div>\n        <div class=\"h-column h-column-container d-flex h-col-lg-auto h-col-md-auto h-col-auto style-330-outer style-local-62-c22-outer\">\n          <div data-colibri-id=\"62-c22\" class=\"d-flex h-flex-basis h-column__inner h-px-lg-2 h-px-md-2 h-px-2 v-inner-lg-2 v-inner-md-2 v-inner-2 style-330 style-local-62-c22 position-relative\">\n            <!---->\n            <!---->\n            <div class=\"w-100 h-y-container h-column__content h-column__v-align flex-basis-100 align-self-lg-start align-self-md-start align-self-start\">\n              <!---->\n              <div data-colibri-id=\"62-c23\" class=\"h-global-transition-all h-heading style-332 style-local-62-c23 position-relative h-element\">\n                <!---->\n                <div class=\"h-heading__outer style-332 style-local-62-c23\">\n                  <!---->\n                  <!---->\n                  <h3 class=\"\">Hvorfor v\u00e6lge en coach?<\/h3>\n                <\/div>\n              <\/div>\n              <div data-colibri-id=\"62-c24\" class=\"h-text h-text-component style-333 style-local-62-c24 position-relative h-element\">\n                <!---->\n                <!---->\n                <div class=\"\">\n                  <p>N\u00e5r du v\u00e6lger en coach, er det fordi du \u00f8nsker \u00e6ndringer i dit liv og skal have hj\u00e6lp til dette.<\/p>\n                  <p>Du har m\u00e5ske behov for, at f\u00e5 sat ord p\u00e5 dine udfordringer til en du ikke kender, eller er i relation med. Uden at blive afbrudt af dine egne tanker og overbevisninger.<\/p>\n                  <p>Du er m\u00e5ske et sted i dit liv, hvor du ikke f\u00f8ler gl\u00e6de, du trives ikke p\u00e5 dit arbejde, eller i dit privatliv eller i skolen. Er du g\u00e5et i st\u00e5 og f\u00f8ltes dit liv gl\u00e6desl\u00f8st?<\/p>\n                  <p>M\u00e5ske du har haft tanker som:<\/p>\n                  <p>Er jeg sammen med den rigtige partner? Er jeg stresset eller har jeg blot travlt? Er mine prioriteter de rigtige? Jeg f\u00f8ler mig hverken glad, eller ked af det. Er jeg der i livet hvor jeg gerne vil v\u00e6re? Er jeg dygtig nok?<\/p>\n                  <p>Meget er dette er naturligt, og kan ske for os alle, hver dag er ikke fantastisk. Dog skal vi ikke g\u00e5 i st\u00e5 eller grave os ned i et dybt hul, vi skal kunne komme videre i livet, videre fra negative tanker.&nbsp;<\/p>\n                  <p>Hvis du er nede i det dybe hul, har sv\u00e6rt ved at komme v\u00e6k fra negative tanker, eller blot har brug for at dele dine tanker, s\u00e5 er det her du skal v\u00e6lge en coach.<\/p>\n                  <p>Det er positivt, udefordrende og m\u00e5ske du kommer til at m\u00e6rke dig selv og dine omgivelser p\u00e5 en helt ny og dyb m\u00e5de.<\/p>\n                  <p>Det kan v\u00e6re h\u00e5rdt at arbejde med sig selv, men forandring skaber forandring. S\u00e5 \u00f8nsker du det? Er en coach det rette valg for dig.<\/p>\n                  <p>Tag skridtet, og kom videre i dit liv.&nbsp;<\/p>\n                <\/div>\n              <\/div>\n            <\/div>\n          <\/div>\n        <\/div>\n      <\/div>\n    <\/div>\n  <\/div>\n<\/div>\n<\/div>","protected":false},"excerpt":{"rendered":"<p>ydelser L\u00e6s mere om mig L\u00e6s mere kontakt L\u00e6s mere Hvorfor v\u00e6lge en coach? N\u00e5r du v\u00e6lger en coach, er det fordi du \u00f8nsker \u00e6ndringer i dit liv og skal have hj\u00e6lp til dette. Du har m\u00e5ske behov for, at f\u00e5 sat ord p\u00e5 dine udfordringer til en du ikke kender, eller er i relation [&hellip;]<\/p>\n","protected":false},"author":1,"featured_media":0,"parent":0,"menu_order":0,"comment_status":"closed","ping_status":"closed","template":"page-templates\/homepage.php","meta":[],"_links":{"self":[{"href":"https:\/\/sarah-askling.dk\/index.php\/wp-json\/wp\/v2\/pages\/62"}],"collection":[{"href":"https:\/\/sarah-askling.dk\/index.php\/wp-json\/wp\/v2\/pages"}],"about":[{"href":"https:\/\/sarah-askling.dk\/index.php\/wp-json\/wp\/v2\/types\/page"}],"author":[{"embeddable":true,"href":"https:\/\/sarah-askling.dk\/index.php\/wp-json\/wp\/v2\/users\/1"}],"replies":[{"embeddable":true,"href":"https:\/\/sarah-askling.dk\/index.php\/wp-json\/wp\/v2\/comments?post=62"}],"version-history":[{"count":18,"href":"https:\/\/sarah-askling.dk\/index.php\/wp-json\/wp\/v2\/pages\/62\/revisions"}],"predecessor-version":[{"id":634,"href":"https:\/\/sarah-askling.dk\/index.php\/wp-json\/wp\/v2\/pages\/62\/revisions\/634"}],"wp:attachment":[{"href":"https:\/\/sarah-askling.dk\/index.php\/wp-json\/wp\/v2\/media?parent=62"}],"curies":[{"name":"wp","href":"https:\/\/api.w.org\/{rel}","templated":true}]}}