{"id":14,"date":"2020-06-16T09:22:52","date_gmt":"2020-06-16T09:22:52","guid":{"rendered":"http:\/\/sarah-askling.dk\/?page_id=14"},"modified":"2021-12-02T14:49:02","modified_gmt":"2021-12-02T13:49:02","slug":"ydelser","status":"publish","type":"page","link":"https:\/\/sarah-askling.dk\/index.php\/ydelser\/","title":{"rendered":"Ydelser"},"content":{"rendered":"<div data-colibri-id=\"14-c1\" class=\"style-278 style-local-14-c1 position-relative\">\n  <!---->\n  <div data-colibri-component=\"section\" data-colibri-id=\"14-c2\" id=\"initial-content\" class=\"h-section h-section-global-spacing d-flex align-items-lg-center align-items-md-center align-items-center style-279 style-local-14-c2 position-relative\">\n    <!---->\n    <!---->\n    <div class=\"h-section-grid-container h-section-boxed-container\">\n      <!---->\n      <div data-colibri-id=\"14-c3\" class=\"h-row-container gutters-row-lg-2 gutters-row-md-2 gutters-row-0 gutters-row-v-lg-2 gutters-row-v-md-2 gutters-row-v-2 style-286 style-local-14-c3 position-relative\">\n        <!---->\n        <div class=\"h-row justify-content-lg-center justify-content-md-center justify-content-center align-items-lg-stretch align-items-md-stretch align-items-stretch gutters-col-lg-2 gutters-col-md-2 gutters-col-0 gutters-col-v-lg-2 gutters-col-v-md-2 gutters-col-v-2\">\n          <!---->\n          <div class=\"h-column h-column-container d-flex h-col-lg-6 h-col-md-12 h-col-12 style-287-outer style-local-14-c4-outer\">\n            <div data-colibri-id=\"14-c4\" class=\"d-flex h-flex-basis h-column__inner h-px-lg-2 h-px-md-2 h-px-2 v-inner-lg-2 v-inner-md-2 v-inner-2 style-287 style-local-14-c4 position-relative\">\n              <!---->\n              <!---->\n              <div class=\"w-100 h-y-container h-column__content h-column__v-align flex-basis-100 align-self-lg-start align-self-md-start align-self-start\">\n                <!---->\n                <div data-colibri-id=\"14-c5\" class=\"h-global-transition-all h-heading style-407 style-local-14-c5 position-relative h-element\">\n                  <!---->\n                  <div class=\"h-heading__outer style-407 style-local-14-c5\">\n                    <!---->\n                    <!---->\n                    <h3 class=\"\">Stresscoaching<\/h3>\n                  <\/div>\n                <\/div>\n                <div data-colibri-id=\"14-c6\" class=\"h-text h-text-component style-289 style-local-14-c6 position-relative h-element\">\n                  <!---->\n                  <!---->\n                  <div class=\"\">\n                    <p>Stresscoaching&nbsp;\/ Stressbehandling hos mig, er et dybdeg\u00e5ende forl\u00f8b p\u00e5 syv gange. <\/p>\n                    <p>Her vil du opleve at du vil begynde og f\u00e5 dit overskud tilbage, du vil t\u00e6nke mere rationelt og i bund og grund, begynde at f\u00f8le dig som dig selv igen.&nbsp;<\/p>\n                    <p>Det afg\u00f8rende i et forl\u00f8b er vedholdenhed og at g\u00f8re en indsats. <\/p>\n                    <p>Jeg vil v\u00e6re med dig p\u00e5 din vej tilbage til dit liv, og give dig redskaber og v\u00e6rkt\u00f8jer s\u00e5 du l\u00e6re at tage styring for dit liv og dine prioriteringer, men vigtigst af alt, til ikke at blive stresset i fremtiden.&nbsp;<\/p>\n                    <p>Du kan altid ringe til en uforpligtende samtale, for at afd\u00e6kke om du er stresset, eller bare har travlt.<\/p>\n                  <\/div>\n                <\/div>\n              <\/div>\n            <\/div>\n          <\/div>\n          <div class=\"h-column h-column-container d-flex h-col-lg-6 h-col-md-12 h-col-12 style-288-outer style-local-14-c7-outer\">\n            <div data-colibri-id=\"14-c7\" class=\"d-flex h-flex-basis h-column__inner h-px-lg-2 h-px-md-2 h-px-2 v-inner-lg-2 v-inner-md-2 v-inner-2 style-288 style-local-14-c7 position-relative\">\n              <!---->\n              <!---->\n              <div class=\"w-100 h-y-container h-column__content h-column__v-align flex-basis-100 align-self-lg-start align-self-md-start align-self-start\">\n                <!---->\n                <div data-colibri-id=\"14-c8\" class=\"h-global-transition-all h-heading style-408 style-local-14-c8 position-relative h-element\">\n                  <!---->\n                  <div class=\"h-heading__outer style-408 style-local-14-c8\">\n                    <!---->\n                    <!---->\n                    <h3 class=\"\">1:1 Coaching<\/h3>\n                  <\/div>\n                <\/div>\n                <div data-colibri-id=\"14-c9\" class=\"h-text h-text-component style-290 style-local-14-c9 position-relative h-element\">\n                  <!---->\n                  <!---->\n                  <div class=\"\">\n                    <p>1:1 coaching hos mig, best\u00e5r af \u00e9n session ad gangen.<\/p>\n                    <p>Det kan v\u00e6re for dig som m\u00e5ske:<\/p>\n                    <p>Syntes det hele er lidt sv\u00e6rt lige nu, du er ked af det og har sv\u00e6rt ved at &#8211; finde gl\u00e6den, men ved ikke helt hvorfor.<\/p>\n                    <p>Har brug for personlig udvikling.<\/p>\n                    <p>Har lavt selvv\u00e6rd eller selvtillid.<\/p>\n                    <p>Tvivler p\u00e5 om du er god nok.<\/p>\n                    <p>Er ung, og har sv\u00e6rt ved at navigere i din hverdag.<\/p>\n                    <p>Er nybagt mor, og syntes den nye rolle er udfordrende.<\/p>\n                    <p>Har sv\u00e6rt ved at finde sine personlige styrker, og troen p\u00e5 sig selv.<\/p>\n                    <p>Du er altid velkommen til at ringe til en uforpligtende snak, og h\u00f8re hvordan jeg arbejder med det du er udfordret p\u00e5.<\/p>\n                  <\/div>\n                <\/div>\n              <\/div>\n            <\/div>\n          <\/div>\n        <\/div>\n      <\/div>\n      <div data-colibri-id=\"14-c10\" class=\"h-row-container gutters-row-lg-2 gutters-row-md-2 gutters-row-0 gutters-row-v-lg-2 gutters-row-v-md-2 gutters-row-v-2 style-346 style-local-14-c10 position-relative\">\n        <!---->\n        <div class=\"h-row justify-content-lg-center justify-content-md-center justify-content-center align-items-lg-center align-items-md-center align-items-center gutters-col-lg-2 gutters-col-md-2 gutters-col-0 gutters-col-v-lg-2 gutters-col-v-md-2 gutters-col-v-2\">\n          <!---->\n          <div class=\"h-column h-column-container d-flex h-col-lg-auto h-col-md-auto h-col-auto align-self-lg-center align-self-md-center align-self-center style-347-outer style-local-14-c11-outer\">\n            <div data-colibri-id=\"14-c11\" class=\"d-flex h-flex-basis h-column__inner h-px-lg-2 h-px-md-2 h-px-2 v-inner-lg-2 v-inner-md-2 v-inner-2 style-347 style-local-14-c11 position-relative\">\n              <!---->\n              <!---->\n              <div class=\"w-100 h-y-container h-column__content h-column__v-align flex-basis-100 align-self-lg-end align-self-md-end align-self-end\">\n                <!---->\n                <div data-colibri-id=\"14-c12\" class=\"h-global-transition-all h-heading style-404 style-local-14-c12 position-relative h-element\">\n                  <!---->\n                  <div class=\"h-heading__outer style-404 style-local-14-c12\">\n                    <!---->\n                    <!---->\n                    <h3 class=\"\">Vi tr\u00e6ffer alle forskellige valg i vores liv, er er det nu ogs\u00e5 det rigtige valg vi tr\u00e6ffer?<\/h3>\n                  <\/div>\n                <\/div>\n                <div data-colibri-id=\"14-c13\" class=\"h-text h-text-component style-348 style-local-14-c13 position-relative h-element\">\n                  <!---->\n                  <!---->\n                  <div class=\"\">\n                    <p>Det man bliver stresset, frustreret, eller ked af det over er, n\u00e5r virkeligheden ikke er som man \u00f8nsker den burde v\u00e6re.<\/p>\n                    <p>Derfor er det altafg\u00f8rende at kunne ACCEPTERE, f\u00e5r at komme videre i vores liv.<\/p>\n                    <p>Jeg ville kunne hj\u00e6lpe dig med at komme videre i dit liv, og til at blive den bedste og mest \u00e6rlige udgave af dig dig selv. Motivation er den st\u00f8rste faktor der skal i spil, n\u00e5r der skal skabes en forandring, s\u00e5 derfor skal du v\u00e6re\n                      klar til selv, at v\u00e6re med til at skabe det liv du \u00f8nsker.<\/p>\n                  <\/div>\n                <\/div>\n              <\/div>\n            <\/div>\n          <\/div>\n        <\/div>\n      <\/div>\n    <\/div>\n  <\/div>\n<\/div>","protected":false},"excerpt":{"rendered":"<p>Stresscoaching Stresscoaching&nbsp;\/ Stressbehandling hos mig, er et dybdeg\u00e5ende forl\u00f8b p\u00e5 syv gange. Her vil du opleve at du vil begynde og f\u00e5 dit overskud tilbage, du vil t\u00e6nke mere rationelt og i bund og grund, begynde at f\u00f8le dig som dig selv igen.&nbsp; Det afg\u00f8rende i et forl\u00f8b er vedholdenhed og at g\u00f8re en indsats. [&hellip;]<\/p>\n","protected":false},"author":1,"featured_media":48,"parent":0,"menu_order":0,"comment_status":"closed","ping_status":"closed","template":"page-templates\/full-width-page.php","meta":[],"_links":{"self":[{"href":"https:\/\/sarah-askling.dk\/index.php\/wp-json\/wp\/v2\/pages\/14"}],"collection":[{"href":"https:\/\/sarah-askling.dk\/index.php\/wp-json\/wp\/v2\/pages"}],"about":[{"href":"https:\/\/sarah-askling.dk\/index.php\/wp-json\/wp\/v2\/types\/page"}],"author":[{"embeddable":true,"href":"https:\/\/sarah-askling.dk\/index.php\/wp-json\/wp\/v2\/users\/1"}],"replies":[{"embeddable":true,"href":"https:\/\/sarah-askling.dk\/index.php\/wp-json\/wp\/v2\/comments?post=14"}],"version-history":[{"count":16,"href":"https:\/\/sarah-askling.dk\/index.php\/wp-json\/wp\/v2\/pages\/14\/revisions"}],"predecessor-version":[{"id":565,"href":"https:\/\/sarah-askling.dk\/index.php\/wp-json\/wp\/v2\/pages\/14\/revisions\/565"}],"wp:featuredmedia":[{"embeddable":true,"href":"https:\/\/sarah-askling.dk\/index.php\/wp-json\/wp\/v2\/media\/48"}],"wp:attachment":[{"href":"https:\/\/sarah-askling.dk\/index.php\/wp-json\/wp\/v2\/media?parent=14"}],"curies":[{"name":"wp","href":"https:\/\/api.w.org\/{rel}","templated":true}]}}